{"id":265,"date":"2025-05-01T14:02:09","date_gmt":"2025-05-01T14:02:09","guid":{"rendered":"https:\/\/lamaisondubelage.fr\/?page_id=265"},"modified":"2026-01-27T07:48:44","modified_gmt":"2026-01-27T07:48:44","slug":"habitat-partage-a-draguignan","status":"publish","type":"page","link":"https:\/\/lamaisondubelage.fr\/?page_id=265","title":{"rendered":"Habitat inclusif \u00e0 Draguignan"},"content":{"rendered":"<p>[et_pb_section fb_built=\u00a0\u00bb1&Prime; admin_label=\u00a0\u00bbHeader\u00a0\u00bb _builder_version=\u00a0\u00bb4.20.0&Prime; _module_preset=\u00a0\u00bbdefault\u00a0\u00bb background_color=\u00a0\u00bb#F9F6F1&Prime; use_background_color_gradient=\u00a0\u00bbon\u00a0\u00bb background_color_gradient_direction=\u00a0\u00bb90deg\u00a0\u00bb background_color_gradient_stops=\u00a0\u00bbrgba(255,255,255,0) 37%|#ffffff 37%\u00a0\u00bb background_color_gradient_overlays_image=\u00a0\u00bbon\u00a0\u00bb background_enable_image=\u00a0\u00bboff\u00a0\u00bb background_last_edited=\u00a0\u00bbon|desktop\u00a0\u00bb background_color_gradient_direction_tablet=\u00a0\u00bb-180deg\u00a0\u00bb da_disable_devices=\u00a0\u00bboff|off|off\u00a0\u00bb locked=\u00a0\u00bboff\u00a0\u00bb collapsed=\u00a0\u00bbon\u00a0\u00bb global_colors_info=\u00a0\u00bb{}\u00a0\u00bb da_is_popup=\u00a0\u00bboff\u00a0\u00bb da_exit_intent=\u00a0\u00bboff\u00a0\u00bb da_has_close=\u00a0\u00bbon\u00a0\u00bb da_alt_close=\u00a0\u00bboff\u00a0\u00bb da_dark_close=\u00a0\u00bboff\u00a0\u00bb da_not_modal=\u00a0\u00bbon\u00a0\u00bb da_is_singular=\u00a0\u00bboff\u00a0\u00bb da_with_loader=\u00a0\u00bboff\u00a0\u00bb da_has_shadow=\u00a0\u00bbon\u00a0\u00bb][et_pb_row column_structure=\u00a0\u00bb1_3,2_3&Prime; _builder_version=\u00a0\u00bb4.20.0&Prime; _module_preset=\u00a0\u00bbdefault\u00a0\u00bb global_colors_info=\u00a0\u00bb{}\u00a0\u00bb][et_pb_column type=\u00a0\u00bb1_3&Prime; _builder_version=\u00a0\u00bb4.20.0&Prime; _module_preset=\u00a0\u00bbdefault\u00a0\u00bb global_colors_info=\u00a0\u00bb{}\u00a0\u00bb][et_pb_image src=\u00a0\u00bbhttps:\/\/lamaisondubelage.fr\/wp-content\/uploads\/2026\/01\/maison-d-accueil-scaled.jpeg\u00a0\u00bb title_text=\u00a0\u00bbmaison d accueil\u00a0\u00bb _builder_version=\u00a0\u00bb4.27.4&Prime; _module_preset=\u00a0\u00bbdefault\u00a0\u00bb max_height_tablet=\u00a0\u00bb300px\u00a0\u00bb max_height_phone=\u00a0\u00bb300px\u00a0\u00bb max_height_last_edited=\u00a0\u00bbon|tablet\u00a0\u00bb hover_enabled=\u00a0\u00bb0&Prime; global_colors_info=\u00a0\u00bb{}\u00a0\u00bb sticky_enabled=\u00a0\u00bb0&Prime;][\/et_pb_image][\/et_pb_column][et_pb_column type=\u00a0\u00bb2_3&Prime; _builder_version=\u00a0\u00bb4.20.0&Prime; _module_preset=\u00a0\u00bbdefault\u00a0\u00bb global_colors_info=\u00a0\u00bb{}\u00a0\u00bb][et_pb_text _builder_version=\u00a0\u00bb4.27.4&Prime; _module_preset=\u00a0\u00bb8ee179f6-b835-4655-baee-6d66bb955a8a\u00a0\u00bb global_colors_info=\u00a0\u00bb{}\u00a0\u00bb]<\/p>\n<h1 id=\"name_etablissement\"><b>Habitat inclusif \u00e0 Draguignan<\/b><\/h1>\n<p>[\/et_pb_text][et_pb_text _builder_version=\u00a0\u00bb4.27.4&Prime; _module_preset=\u00a0\u00bbafb0cc4a-38db-4d13-a62c-d5dad55e3046&Prime; global_colors_info=\u00a0\u00bb{}\u00a0\u00bb]<\/p>\n<h2><span>Il s&rsquo;agit d&rsquo;une colocation interg\u00e9n\u00e9rationnelle<\/span><\/h2>\n<p>[\/et_pb_text][et_pb_text _builder_version=\u00a0\u00bb4.27.4&Prime; _module_preset=\u00a0\u00bbafb0cc4a-38db-4d13-a62c-d5dad55e3046&Prime; locked=\u00a0\u00bboff\u00a0\u00bb global_colors_info=\u00a0\u00bb{}\u00a0\u00bb]<\/p>\n<h3 data-start=\"179\" data-end=\"228\" class=\"\">Une vocation n\u00e9e de l\u2019exp\u00e9rience et du c\u0153ur<\/h3>\n<p data-start=\"237\" data-end=\"664\">Situ\u00e9e \u00e0 Draguignan, au c\u0153ur de la Drac\u00e9nie, l\u2019association <strong data-start=\"296\" data-end=\"331\">Les Amis du Bel \u00c2ge en Drac\u00e9nie<\/strong> propose un habitat inclusif o\u00f9 chaque r\u00e9sident peut profiter d\u2019un cadre de vie paisible et verdoyant, tout en restant \u00e0 proximit\u00e9 des commerces, services et professionnels de sant\u00e9. Cet \u00e9quilibre entre calme et vitalit\u00e9 permet \u00e0 chacun de b\u00e9n\u00e9ficier d\u2019un environnement serein, s\u00fbr et stimulant, favorisant le bien-\u00eatre au quotidien.<\/p>\n<p data-start=\"666\" data-end=\"1122\">\n<p>[\/et_pb_text][dsm_button button_one_text=\u00a0\u00bbNous contacter\u00a0\u00bb button_one_url=\u00a0\u00bb#devis\u00a0\u00bb _builder_version=\u00a0\u00bb4.27.4&Prime; _module_preset=\u00a0\u00bbdefault\u00a0\u00bb custom_button_one=\u00a0\u00bbon\u00a0\u00bb button_one_text_color=\u00a0\u00bb#F9F6F0&Prime; button_one_bg_color=\u00a0\u00bb#283B45&Prime; button_one_border_width=\u00a0\u00bb1px\u00a0\u00bb button_one_border_radius=\u00a0\u00bb0px\u00a0\u00bb button_one_letter_spacing=\u00a0\u00bb1px\u00a0\u00bb button_one_font=\u00a0\u00bb|700|||||||\u00a0\u00bb button_one_use_icon=\u00a0\u00bboff\u00a0\u00bb button_one_text_size_tablet=\u00a0\u00bb\u00a0\u00bb button_one_text_size_phone=\u00a0\u00bb18px\u00a0\u00bb button_one_text_size_last_edited=\u00a0\u00bbon|phone\u00a0\u00bb global_colors_info=\u00a0\u00bb{}\u00a0\u00bb button_one_text_color__hover_enabled=\u00a0\u00bbon|hover\u00a0\u00bb button_one_text_color__hover=\u00a0\u00bb#283B45&Prime; button_one_bg_color__hover_enabled=\u00a0\u00bbon|hover\u00a0\u00bb button_one_bg_color__hover=\u00a0\u00bb\u00a0\u00bb button_one_bg_enable_color__hover=\u00a0\u00bboff\u00a0\u00bb button_one_border_width__hover_enabled=\u00a0\u00bbon|hover\u00a0\u00bb button_one_border_color__hover_enabled=\u00a0\u00bbon|hover\u00a0\u00bb button_one_border_color__hover=\u00a0\u00bb#283B45&Prime; button_one_border_width__hover=\u00a0\u00bb1px\u00a0\u00bb][\/dsm_button][et_pb_image src=\u00a0\u00bbhttps:\/\/lamaisondubelage.fr\/wp-content\/uploads\/2025\/05\/50228a24ce.jpg\u00a0\u00bb title_text=\u00a0\u00bbSenior,Patients,With,Helpful,Young,Nurse,At,Nursing,Home\u00a0\u00bb _builder_version=\u00a0\u00bb4.27.4&Prime; _module_preset=\u00a0\u00bbdefault\u00a0\u00bb border_radii=\u00a0\u00bbon|10px|10px|10px|10px\u00a0\u00bb global_colors_info=\u00a0\u00bb{}\u00a0\u00bb][\/et_pb_image][et_pb_text _builder_version=\u00a0\u00bb4.27.4&Prime; _module_preset=\u00a0\u00bbafb0cc4a-38db-4d13-a62c-d5dad55e3046&Prime; locked=\u00a0\u00bboff\u00a0\u00bb global_colors_info=\u00a0\u00bb{}\u00a0\u00bb]<\/p>\n<p>Le lieu a \u00e9t\u00e9 pens\u00e9 pour offrir une atmosph\u00e8re familiale et accueillante, o\u00f9 les relations humaines et la convivialit\u00e9 occupent une place centrale. Les r\u00e9sidents peuvent ainsi vivre \u00e0 leur rythme, participer aux \u00e9changes et activit\u00e9s propos\u00e9es, tout en conservant leur autonomie et leur libert\u00e9 de d\u00e9cision. Chaque espace de vie, chaque moment partag\u00e9 contribue \u00e0 cr\u00e9er un quotidien harmonieux, o\u00f9 confort, s\u00e9r\u00e9nit\u00e9 et proximit\u00e9 coexistent naturellement.<\/p>\n<p data-start=\"1303\" data-end=\"1682\" class=\"\">\n<p>[\/et_pb_text][dsm_button button_one_text=\u00a0\u00bbNous contacter\u00a0\u00bb button_one_url=\u00a0\u00bb#devis\u00a0\u00bb _builder_version=\u00a0\u00bb4.27.4&Prime; _module_preset=\u00a0\u00bbdefault\u00a0\u00bb custom_button_one=\u00a0\u00bbon\u00a0\u00bb button_one_text_color=\u00a0\u00bb#F9F6F0&Prime; button_one_bg_color=\u00a0\u00bb#283B45&Prime; button_one_border_width=\u00a0\u00bb1px\u00a0\u00bb button_one_border_radius=\u00a0\u00bb0px\u00a0\u00bb button_one_letter_spacing=\u00a0\u00bb1px\u00a0\u00bb button_one_font=\u00a0\u00bb|700|||||||\u00a0\u00bb button_one_use_icon=\u00a0\u00bboff\u00a0\u00bb button_one_text_size_tablet=\u00a0\u00bb\u00a0\u00bb button_one_text_size_phone=\u00a0\u00bb18px\u00a0\u00bb button_one_text_size_last_edited=\u00a0\u00bbon|phone\u00a0\u00bb global_colors_info=\u00a0\u00bb{}\u00a0\u00bb button_one_text_color__hover_enabled=\u00a0\u00bbon|hover\u00a0\u00bb button_one_text_color__hover=\u00a0\u00bb#283B45&Prime; button_one_bg_color__hover_enabled=\u00a0\u00bbon|hover\u00a0\u00bb button_one_bg_color__hover=\u00a0\u00bb\u00a0\u00bb button_one_bg_enable_color__hover=\u00a0\u00bboff\u00a0\u00bb button_one_border_width__hover_enabled=\u00a0\u00bbon|hover\u00a0\u00bb button_one_border_color__hover_enabled=\u00a0\u00bbon|hover\u00a0\u00bb button_one_border_color__hover=\u00a0\u00bb#283B45&Prime; button_one_border_width__hover=\u00a0\u00bb1px\u00a0\u00bb][\/dsm_button][et_pb_divider color=\u00a0\u00bb#283b45&Prime; _builder_version=\u00a0\u00bb4.27.4&Prime; _module_preset=\u00a0\u00bbdefault\u00a0\u00bb global_colors_info=\u00a0\u00bb{}\u00a0\u00bb][\/et_pb_divider][\/et_pb_column][\/et_pb_row][et_pb_row column_structure=\u00a0\u00bb1_3,2_3&Prime; _builder_version=\u00a0\u00bb4.20.0&Prime; _module_preset=\u00a0\u00bbdefault\u00a0\u00bb global_colors_info=\u00a0\u00bb{}\u00a0\u00bb][et_pb_column type=\u00a0\u00bb1_3&Prime; _builder_version=\u00a0\u00bb4.20.0&Prime; _module_preset=\u00a0\u00bbdefault\u00a0\u00bb global_colors_info=\u00a0\u00bb{}\u00a0\u00bb][\/et_pb_column][et_pb_column type=\u00a0\u00bb2_3&Prime; _builder_version=\u00a0\u00bb4.20.0&Prime; _module_preset=\u00a0\u00bbdefault\u00a0\u00bb global_colors_info=\u00a0\u00bb{}\u00a0\u00bb][et_pb_text _builder_version=\u00a0\u00bb4.27.4&Prime; _module_preset=\u00a0\u00bb8ee179f6-b835-4655-baee-6d66bb955a8a\u00a0\u00bb global_colors_info=\u00a0\u00bb{}\u00a0\u00bb]<\/p>\n<h2>Un projet ancr\u00e9 dans le territoire de Draguignan et de la Drac\u00e9nie<\/h2>\n<p>[\/et_pb_text][et_pb_text _builder_version=\u00a0\u00bb4.27.4&Prime; _module_preset=\u00a0\u00bbafb0cc4a-38db-4d13-a62c-d5dad55e3046&Prime; global_colors_info=\u00a0\u00bb{}\u00a0\u00bb]<\/p>\n<p data-start=\"233\" data-end=\"503\">Le projet <strong data-start=\"243\" data-end=\"278\">Les Amis du Bel \u00c2ge en Drac\u00e9nie<\/strong> s\u2019inscrit pleinement dans son territoire, en r\u00e9pondant \u00e0 un besoin local majeur : offrir aux personnes \u00e2g\u00e9es autonomes ou semi-autonomes une solution de vie alternative, inclusive et proche de leur environnement quotidien.<\/p>\n<p data-start=\"505\" data-end=\"875\">L\u2019habitat inclusif s\u2019appuie sur les nombreuses ressources de la Drac\u00e9nie, qu\u2019il s\u2019agisse des associations locales, des services publics, des professionnels de sant\u00e9, des commerces de proximit\u00e9 ou des acteurs sociaux. Cette int\u00e9gration permet aux r\u00e9sidents de profiter d\u2019un cadre de vie vivant, connect\u00e9 \u00e0 la communaut\u00e9, tout en pr\u00e9servant leur autonomie et leur libert\u00e9.<\/p>\n<p>[\/et_pb_text][et_pb_image src=\u00a0\u00bbhttps:\/\/lamaisondubelage.fr\/wp-content\/uploads\/2025\/03\/coaching-34.png\u00a0\u00bb title_text=\u00a0\u00bbcoaching-34&Prime; _builder_version=\u00a0\u00bb4.27.4&Prime; _module_preset=\u00a0\u00bbdefault\u00a0\u00bb custom_padding=\u00a0\u00bb||0px|||\u00a0\u00bb locked=\u00a0\u00bboff\u00a0\u00bb global_colors_info=\u00a0\u00bb{}\u00a0\u00bb][\/et_pb_image][et_pb_text _builder_version=\u00a0\u00bb4.27.4&Prime; _module_preset=\u00a0\u00bbafb0cc4a-38db-4d13-a62c-d5dad55e3046&Prime; locked=\u00a0\u00bboff\u00a0\u00bb global_colors_info=\u00a0\u00bb{}\u00a0\u00bb]<\/p>\n<p>En favorisant les \u00e9changes, les collaborations et la participation \u00e0 la vie locale, le projet contribue au renforcement du lien social et \u00e0 la dynamique communautaire. Il cr\u00e9e ainsi un v\u00e9ritable pont entre le quotidien des r\u00e9sidents et la vie du territoire, pour que chacun puisse se sentir \u00e0 la fois entour\u00e9 et pleinement acteur de sa vie.<\/p>\n<p>[\/et_pb_text][dsm_button button_one_text=\u00a0\u00bbNous contacter\u00a0\u00bb button_one_url=\u00a0\u00bb#devis\u00a0\u00bb _builder_version=\u00a0\u00bb4.27.4&Prime; _module_preset=\u00a0\u00bbdefault\u00a0\u00bb custom_button_one=\u00a0\u00bbon\u00a0\u00bb button_one_text_color=\u00a0\u00bb#F9F6F0&Prime; button_one_bg_color=\u00a0\u00bb#283B45&Prime; button_one_border_width=\u00a0\u00bb1px\u00a0\u00bb button_one_border_radius=\u00a0\u00bb0px\u00a0\u00bb button_one_letter_spacing=\u00a0\u00bb1px\u00a0\u00bb button_one_font=\u00a0\u00bb|700|||||||\u00a0\u00bb button_one_use_icon=\u00a0\u00bboff\u00a0\u00bb button_one_text_size_tablet=\u00a0\u00bb\u00a0\u00bb button_one_text_size_phone=\u00a0\u00bb18px\u00a0\u00bb button_one_text_size_last_edited=\u00a0\u00bbon|phone\u00a0\u00bb global_colors_info=\u00a0\u00bb{}\u00a0\u00bb button_one_text_color__hover_enabled=\u00a0\u00bbon|hover\u00a0\u00bb button_one_text_color__hover=\u00a0\u00bb#283B45&Prime; button_one_bg_color__hover_enabled=\u00a0\u00bbon|hover\u00a0\u00bb button_one_bg_color__hover=\u00a0\u00bb\u00a0\u00bb button_one_bg_enable_color__hover=\u00a0\u00bboff\u00a0\u00bb button_one_border_width__hover_enabled=\u00a0\u00bbon|hover\u00a0\u00bb button_one_border_color__hover_enabled=\u00a0\u00bbon|hover\u00a0\u00bb button_one_border_color__hover=\u00a0\u00bb#283B45&Prime; button_one_border_width__hover=\u00a0\u00bb1px\u00a0\u00bb][\/dsm_button][\/et_pb_column][\/et_pb_row][\/et_pb_section][et_pb_section fb_built=\u00a0\u00bb1&Prime; admin_label=\u00a0\u00bbCertifications\u00a0\u00bb _builder_version=\u00a0\u00bb4.20.0&Prime; _module_preset=\u00a0\u00bbdefault\u00a0\u00bb da_disable_devices=\u00a0\u00bboff|off|off\u00a0\u00bb collapsed=\u00a0\u00bbon\u00a0\u00bb global_colors_info=\u00a0\u00bb{}\u00a0\u00bb da_is_popup=\u00a0\u00bboff\u00a0\u00bb da_exit_intent=\u00a0\u00bboff\u00a0\u00bb da_has_close=\u00a0\u00bbon\u00a0\u00bb da_alt_close=\u00a0\u00bboff\u00a0\u00bb da_dark_close=\u00a0\u00bboff\u00a0\u00bb da_not_modal=\u00a0\u00bbon\u00a0\u00bb da_is_singular=\u00a0\u00bboff\u00a0\u00bb da_with_loader=\u00a0\u00bboff\u00a0\u00bb da_has_shadow=\u00a0\u00bbon\u00a0\u00bb][et_pb_row _builder_version=\u00a0\u00bb4.20.0&Prime; _module_preset=\u00a0\u00bbdefault\u00a0\u00bb global_colors_info=\u00a0\u00bb{}\u00a0\u00bb][et_pb_column type=\u00a0\u00bb4_4&Prime; _builder_version=\u00a0\u00bb4.20.0&Prime; _module_preset=\u00a0\u00bbdefault\u00a0\u00bb global_colors_info=\u00a0\u00bb{}\u00a0\u00bb][et_pb_text _builder_version=\u00a0\u00bb4.20.0&Prime; _module_preset=\u00a0\u00bbcd3cbaad-3d8f-4b30-995f-2dbb2339599f\u00a0\u00bb text_orientation=\u00a0\u00bbcenter\u00a0\u00bb global_colors_info=\u00a0\u00bb{}\u00a0\u00bb]<\/p>\n<h2>Un lieu unique<\/h2>\n<p>[\/et_pb_text][\/et_pb_column][\/et_pb_row][et_pb_row column_structure=\u00a0\u00bb2_5,3_5&Prime; _builder_version=\u00a0\u00bb4.20.0&Prime; _module_preset=\u00a0\u00bbdefault\u00a0\u00bb border_color_all=\u00a0\u00bbgcid-606d042f-c90f-4ea6-97e7-7b08f1ba25f6&Prime; border_width_bottom_last_edited=\u00a0\u00bboff|desktop\u00a0\u00bb global_colors_info=\u00a0\u00bb{%22gcid-606d042f-c90f-4ea6-97e7-7b08f1ba25f6%22:%91%22border_color_all%22%93}\u00a0\u00bb border_width_all__hover_enabled=\u00a0\u00bboff|hover\u00a0\u00bb border_width_bottom__hover_enabled=\u00a0\u00bbon|hover\u00a0\u00bb border_width_bottom__hover=\u00a0\u00bb1px\u00a0\u00bb][et_pb_column type=\u00a0\u00bb2_5&Prime; _builder_version=\u00a0\u00bb4.20.0&Prime; _module_preset=\u00a0\u00bbdefault\u00a0\u00bb global_colors_info=\u00a0\u00bb{}\u00a0\u00bb][et_pb_text _builder_version=\u00a0\u00bb4.20.0&Prime; _module_preset=\u00a0\u00bba4a99406-77f3-44cf-9819-ec7add6ef9ea\u00a0\u00bb text_orientation=\u00a0\u00bbcenter\u00a0\u00bb custom_margin=\u00a0\u00bb||10px||false|false\u00a0\u00bb global_colors_info=\u00a0\u00bb{}\u00a0\u00bb]<\/p>\n<h3 data-start=\"29\" data-end=\"83\" class=\"\"><strong data-start=\"33\" data-end=\"81\">Une pr\u00e9sence au c\u0153ur du quotidien<\/strong><\/h3>\n<p>[\/et_pb_text][\/et_pb_column][et_pb_column type=\u00a0\u00bb3_5&Prime; _builder_version=\u00a0\u00bb4.20.0&Prime; _module_preset=\u00a0\u00bbdefault\u00a0\u00bb global_colors_info=\u00a0\u00bb{}\u00a0\u00bb][et_pb_text _builder_version=\u00a0\u00bb4.27.4&Prime; _module_preset=\u00a0\u00bbf4ad731c-0ee2-4bb7-9f7a-26b18848d82b\u00a0\u00bb text_orientation_tablet=\u00a0\u00bbcenter\u00a0\u00bb text_orientation_phone=\u00a0\u00bbcenter\u00a0\u00bb text_orientation_last_edited=\u00a0\u00bbon|tablet\u00a0\u00bb global_colors_info=\u00a0\u00bb{}\u00a0\u00bb]<\/p>\n<p data-start=\"230\" data-end=\"583\">Le projet <strong data-start=\"240\" data-end=\"275\">Les Amis du Bel \u00c2ge en Drac\u00e9nie<\/strong> se distingue par son approche v\u00e9ritablement inclusive et profond\u00e9ment ancr\u00e9e dans son territoire. Nich\u00e9 \u00e0 Draguignan, ce lieu offre aux personnes \u00e2g\u00e9es autonomes ou semi-autonomes une alternative \u00e0 la vie traditionnelle, tout en leur permettant de rester proches de leur environnement et de leurs rep\u00e8res.<\/p>\n<p data-start=\"585\" data-end=\"992\">Ce qui rend ce lieu vraiment unique, c\u2019est la combinaison d\u2019un cadre de vie paisible, d\u2019une atmosph\u00e8re chaleureuse et d\u2019une int\u00e9gration active au sein de la communaut\u00e9 locale. Les r\u00e9sidents b\u00e9n\u00e9ficient d\u2019un acc\u00e8s direct aux associations locales, aux services publics, aux professionnels de sant\u00e9, aux commerces de proximit\u00e9 et aux acteurs sociaux, favorisant ainsi un quotidien fluide, vivant et s\u00e9curis\u00e9.<\/p>\n<p data-start=\"994\" data-end=\"1411\">L\u2019habitat inclusif devient alors un v\u00e9ritable espace de lien social et de partage. Chaque r\u00e9sident peut participer aux activit\u00e9s collectives, \u00e9changer avec les voisins ou profiter des ressources du territoire tout en pr\u00e9servant sa libert\u00e9 et son autonomie. Cette int\u00e9gration locale et humaine fait des <strong data-start=\"1296\" data-end=\"1327\">Amis du Bel \u00c2ge en Drac\u00e9nie<\/strong> un lieu \u00e0 part, o\u00f9 confort, convivialit\u00e9 et s\u00e9r\u00e9nit\u00e9 se rencontrent au quotidien.<\/p>\n<p>[\/et_pb_text][\/et_pb_column][\/et_pb_row][\/et_pb_section][et_pb_section fb_built=\u00a0\u00bb1&Prime; admin_label=\u00a0\u00bbAbout\u00a0\u00bb _builder_version=\u00a0\u00bb4.20.0&Prime; _module_preset=\u00a0\u00bbdefault\u00a0\u00bb background_color=\u00a0\u00bbgcid-1c7f682d-c09a-42e9-8b1c-535ba676533f\u00a0\u00bb custom_margin=\u00a0\u00bb||||false|false\u00a0\u00bb custom_padding=\u00a0\u00bb0px||0px||true|false\u00a0\u00bb da_disable_devices=\u00a0\u00bboff|off|off\u00a0\u00bb collapsed=\u00a0\u00bbon\u00a0\u00bb global_colors_info=\u00a0\u00bb{%22gcid-1c7f682d-c09a-42e9-8b1c-535ba676533f%22:%91%22background_color%22%93}\u00a0\u00bb da_is_popup=\u00a0\u00bboff\u00a0\u00bb da_exit_intent=\u00a0\u00bboff\u00a0\u00bb da_has_close=\u00a0\u00bbon\u00a0\u00bb da_alt_close=\u00a0\u00bboff\u00a0\u00bb da_dark_close=\u00a0\u00bboff\u00a0\u00bb da_not_modal=\u00a0\u00bbon\u00a0\u00bb da_is_singular=\u00a0\u00bboff\u00a0\u00bb da_with_loader=\u00a0\u00bboff\u00a0\u00bb da_has_shadow=\u00a0\u00bbon\u00a0\u00bb][et_pb_row column_structure=\u00a0\u00bb1_2,1_2&Prime; _builder_version=\u00a0\u00bb4.27.4&Prime; _module_preset=\u00a0\u00bbdefault\u00a0\u00bb custom_padding=\u00a0\u00bb0px||0px||true|false\u00a0\u00bb global_colors_info=\u00a0\u00bb{}\u00a0\u00bb][et_pb_column type=\u00a0\u00bb1_2&Prime; _builder_version=\u00a0\u00bb4.20.0&Prime; _module_preset=\u00a0\u00bbdefault\u00a0\u00bb custom_padding=\u00a0\u00bb8%||8%||true|false\u00a0\u00bb global_colors_info=\u00a0\u00bb{}\u00a0\u00bb][et_pb_text _builder_version=\u00a0\u00bb4.20.0&Prime; _module_preset=\u00a0\u00bbcd3cbaad-3d8f-4b30-995f-2dbb2339599f\u00a0\u00bb custom_margin=\u00a0\u00bb||10px||false|false\u00a0\u00bb global_colors_info=\u00a0\u00bb{}\u00a0\u00bb]<\/p>\n<h2>Aides sociales<\/h2>\n<p>[\/et_pb_text][et_pb_text _builder_version=\u00a0\u00bb4.20.0&Prime; _module_preset=\u00a0\u00bbafb0cc4a-38db-4d13-a62c-d5dad55e3046&Prime; global_colors_info=\u00a0\u00bb{}\u00a0\u00bb]<\/p>\n<p data-start=\"35\" data-end=\"280\" class=\"\"><span>Selon la situation et sous conditions de revenus, les anciens peuvent \u00eatre \u00e9ligibles \u00e0 plusieurs aides sociales telles que l\u2019APA (Allocation Personnalis\u00e9 d\u2019Autonomie), les APL (Aide Personnalis\u00e9 au Logement) et au cr\u00e9dit d\u2019imp\u00f4t dans le cadre du Particulier-Employeur (CESU).<\/span><\/p>\n<p>[\/et_pb_text][dsm_button button_one_text=\u00a0\u00bbNous contacter\u00a0\u00bb button_one_url=\u00a0\u00bb#devis\u00a0\u00bb _builder_version=\u00a0\u00bb4.27.4&Prime; _module_preset=\u00a0\u00bbdefault\u00a0\u00bb custom_button_one=\u00a0\u00bbon\u00a0\u00bb button_one_text_color=\u00a0\u00bb#F9F6F0&Prime; button_one_bg_color=\u00a0\u00bb#283B45&Prime; button_one_border_width=\u00a0\u00bb1px\u00a0\u00bb button_one_border_radius=\u00a0\u00bb0px\u00a0\u00bb button_one_letter_spacing=\u00a0\u00bb1px\u00a0\u00bb button_one_font=\u00a0\u00bb|700|||||||\u00a0\u00bb button_one_use_icon=\u00a0\u00bboff\u00a0\u00bb button_one_text_size_tablet=\u00a0\u00bb\u00a0\u00bb button_one_text_size_phone=\u00a0\u00bb18px\u00a0\u00bb button_one_text_size_last_edited=\u00a0\u00bbon|phone\u00a0\u00bb global_colors_info=\u00a0\u00bb{}\u00a0\u00bb button_one_text_color__hover_enabled=\u00a0\u00bbon|hover\u00a0\u00bb button_one_text_color__hover=\u00a0\u00bb#283B45&Prime; button_one_bg_color__hover_enabled=\u00a0\u00bbon|hover\u00a0\u00bb button_one_bg_color__hover=\u00a0\u00bb\u00a0\u00bb button_one_bg_enable_color__hover=\u00a0\u00bboff\u00a0\u00bb button_one_border_width__hover_enabled=\u00a0\u00bbon|hover\u00a0\u00bb button_one_border_color__hover_enabled=\u00a0\u00bbon|hover\u00a0\u00bb button_one_border_color__hover=\u00a0\u00bb#283B45&Prime; button_one_border_width__hover=\u00a0\u00bb1px\u00a0\u00bb][\/dsm_button][\/et_pb_column][et_pb_column type=\u00a0\u00bb1_2&Prime; _builder_version=\u00a0\u00bb4.20.0&Prime; _module_preset=\u00a0\u00bbdefault\u00a0\u00bb custom_padding=\u00a0\u00bb8%||8%||true|false\u00a0\u00bb global_colors_info=\u00a0\u00bb{}\u00a0\u00bb][et_pb_image src=\u00a0\u00bbhttps:\/\/lamaisondubelage.fr\/wp-content\/uploads\/2025\/05\/f5d1888793.jpg\u00a0\u00bb title_text=\u00a0\u00bbTwo,Binders,With,The,French,Words,That,Means,Social,Assistance,\u00a0\u00bb _builder_version=\u00a0\u00bb4.27.4&Prime; _module_preset=\u00a0\u00bbdefault\u00a0\u00bb global_colors_info=\u00a0\u00bb{}\u00a0\u00bb][\/et_pb_image][\/et_pb_column][\/et_pb_row][\/et_pb_section]<\/p>\n","protected":false},"excerpt":{"rendered":"<p>Habitat inclusif \u00e0 DraguignanIl s&rsquo;agit d&rsquo;une colocation interg\u00e9n\u00e9rationnelleUne vocation n\u00e9e de l\u2019exp\u00e9rience et du c\u0153ur Situ\u00e9e \u00e0 Draguignan, au c\u0153ur de la Drac\u00e9nie, l\u2019association Les Amis du Bel \u00c2ge en Drac\u00e9nie propose un habitat inclusif o\u00f9 chaque r\u00e9sident peut profiter d\u2019un cadre de vie paisible et verdoyant, tout en restant \u00e0 proximit\u00e9 des commerces, services et professionnels de sant\u00e9. Cet \u00e9quilibre entre calme et vitalit\u00e9 permet \u00e0 chacun de b\u00e9n\u00e9ficier d\u2019un environnement serein, s\u00fbr et stimulant, favorisant le bien-\u00eatre au quotidien. <div class=\"et_pb_module dsm_button dsm_button_0 et_pb_bg_layout_light\">\n\t\t\t\t\n\t\t\t\t\n\t\t\t\t\n\t\t\t\t\n\t\t\t\t\n\t\t\t\t\n\t\t\t\t<div class=\"et_pb_module_inner\">\n\t\t\t\t\t<div class=\"et_pb_button_module_wrappers dsm_button_0_wrapper  et_pb_module\">\n\t\t\t\t<a class=\"et_pb_button et_pb_button_one et_pb_bg_layout_light dsm-none \"  href=#devis data-dsm-lightbox-id=\"dsm_button_one_lightbox dsm_button_0\"><span>Nous contacter<\/span><\/a>\n\t\t\t<\/div>\n\t\t\t\t<\/div>\n\t\t\t<\/div>Le lieu a \u00e9t\u00e9 pens\u00e9 pour offrir une atmosph\u00e8re familiale et accueillante, o\u00f9 les relations humaines et la convivialit\u00e9 occupent une place centrale. Les r\u00e9sidents peuvent ainsi vivre \u00e0 leur rythme, participer aux \u00e9changes et activit\u00e9s propos\u00e9es, tout en conservant leur autonomie et leur libert\u00e9 de d\u00e9cision. Chaque espace de vie, chaque moment partag\u00e9 contribue \u00e0 cr\u00e9er un quotidien harmonieux, o\u00f9 confort, s\u00e9r\u00e9nit\u00e9 et proximit\u00e9 coexistent naturellement. <div class=\"et_pb_module dsm_button dsm_button_1 et_pb_bg_layout_light\">\n\t\t\t\t\n\t\t\t\t\n\t\t\t\t\n\t\t\t\t\n\t\t\t\t\n\t\t\t\t\n\t\t\t\t<div class=\"et_pb_module_inner\">\n\t\t\t\t\t<div class=\"et_pb_button_module_wrappers dsm_button_1_wrapper  et_pb_module\">\n\t\t\t\t<a class=\"et_pb_button et_pb_button_one et_pb_bg_layout_light dsm-none \"  href=http:\/\/\u00bb#devis data-dsm-lightbox-id=\"dsm_button_one_lightbox dsm_button_1\"><span>\u00bbNous<\/span><\/a>\n\t\t\t<\/div>\n\t\t\t\t<\/div>\n\t\t\t<\/div><\/p>\n","protected":false},"author":1,"featured_media":0,"parent":0,"menu_order":0,"comment_status":"closed","ping_status":"closed","template":"","meta":{"_et_pb_use_builder":"on","_et_pb_old_content":"","_et_gb_content_width":"","footnotes":""},"class_list":["post-265","page","type-page","status-publish","hentry"],"_links":{"self":[{"href":"https:\/\/lamaisondubelage.fr\/index.php?rest_route=\/wp\/v2\/pages\/265","targetHints":{"allow":["GET"]}}],"collection":[{"href":"https:\/\/lamaisondubelage.fr\/index.php?rest_route=\/wp\/v2\/pages"}],"about":[{"href":"https:\/\/lamaisondubelage.fr\/index.php?rest_route=\/wp\/v2\/types\/page"}],"author":[{"embeddable":true,"href":"https:\/\/lamaisondubelage.fr\/index.php?rest_route=\/wp\/v2\/users\/1"}],"replies":[{"embeddable":true,"href":"https:\/\/lamaisondubelage.fr\/index.php?rest_route=%2Fwp%2Fv2%2Fcomments&post=265"}],"version-history":[{"count":5,"href":"https:\/\/lamaisondubelage.fr\/index.php?rest_route=\/wp\/v2\/pages\/265\/revisions"}],"predecessor-version":[{"id":395,"href":"https:\/\/lamaisondubelage.fr\/index.php?rest_route=\/wp\/v2\/pages\/265\/revisions\/395"}],"wp:attachment":[{"href":"https:\/\/lamaisondubelage.fr\/index.php?rest_route=%2Fwp%2Fv2%2Fmedia&parent=265"}],"curies":[{"name":"wp","href":"https:\/\/api.w.org\/{rel}","templated":true}]}}