{"id":134,"date":"2025-04-18T12:32:39","date_gmt":"2025-04-18T12:32:39","guid":{"rendered":"https:\/\/lamaisondubelage.fr\/?page_id=134"},"modified":"2025-12-02T12:13:15","modified_gmt":"2025-12-02T12:13:15","slug":"mentions-legales","status":"publish","type":"page","link":"https:\/\/lamaisondubelage.fr\/?page_id=134","title":{"rendered":"Mentions l\u00e9gales"},"content":{"rendered":"<p>[et_pb_section fb_built=\u00a0\u00bb1&Prime; _builder_version=\u00a0\u00bb4.27.4&Prime; _module_preset=\u00a0\u00bbdefault\u00a0\u00bb global_colors_info=\u00a0\u00bb{}\u00a0\u00bb da_is_popup=\u00a0\u00bboff\u00a0\u00bb da_exit_intent=\u00a0\u00bboff\u00a0\u00bb da_has_close=\u00a0\u00bbon\u00a0\u00bb da_alt_close=\u00a0\u00bboff\u00a0\u00bb da_dark_close=\u00a0\u00bboff\u00a0\u00bb da_not_modal=\u00a0\u00bbon\u00a0\u00bb da_is_singular=\u00a0\u00bboff\u00a0\u00bb da_with_loader=\u00a0\u00bboff\u00a0\u00bb da_has_shadow=\u00a0\u00bbon\u00a0\u00bb da_disable_devices=\u00a0\u00bboff|off|off\u00a0\u00bb][et_pb_row _builder_version=\u00a0\u00bb4.27.4&Prime; _module_preset=\u00a0\u00bbdefault\u00a0\u00bb global_colors_info=\u00a0\u00bb{}\u00a0\u00bb][et_pb_column type=\u00a0\u00bb4_4&Prime; _builder_version=\u00a0\u00bb4.27.4&Prime; _module_preset=\u00a0\u00bbdefault\u00a0\u00bb global_colors_info=\u00a0\u00bb{}\u00a0\u00bb][et_pb_text _builder_version=\u00a0\u00bb4.27.4&Prime; _module_preset=\u00a0\u00bbdefault\u00a0\u00bb hover_enabled=\u00a0\u00bb0&Prime; global_colors_info=\u00a0\u00bb{}\u00a0\u00bb sticky_enabled=\u00a0\u00bb0&Prime;]<\/p>\n<h1 data-start=\"213\" data-end=\"237\"><strong data-start=\"215\" data-end=\"235\">Mentions l\u00e9gales<\/strong><\/h1>\n<p data-start=\"238\" data-end=\"290\">Site officiel de <strong data-start=\"255\" data-end=\"290\">Les Amis du Bel \u00c2ge en Drac\u00e9nie<\/strong><\/p>\n<p data-start=\"292\" data-end=\"520\">Conform\u00e9ment aux dispositions des articles 6-III et 19 de la Loi n\u00b02004-575 du 21 juin 2004 pour la Confiance dans l\u2019\u00c9conomie Num\u00e9rique (LCEN), il est port\u00e9 \u00e0 la connaissance des utilisateurs du site les informations suivantes :<\/p>\n<hr data-start=\"522\" data-end=\"525\" \/>\n<h2 data-start=\"527\" data-end=\"550\">1. \u00c9diteur du site<\/h2>\n<p data-start=\"551\" data-end=\"871\"><strong data-start=\"551\" data-end=\"579\">Nom de l\u2019\u00e9tablissement :<\/strong> Les Amis du Bel \u00c2ge en Drac\u00e9nie<br data-start=\"611\" data-end=\"614\" \/><strong data-start=\"614\" data-end=\"635\">Forme juridique :<\/strong> Association loi 1901<br data-start=\"656\" data-end=\"659\" \/><strong data-start=\"659\" data-end=\"681\">Date de cr\u00e9ation :<\/strong> 26 octobre 2025<br data-start=\"697\" data-end=\"700\" \/><strong data-start=\"700\" data-end=\"713\">Adresse :<\/strong> 979 chemin de Saint-Esprit, 83300 Draguignan<br data-start=\"758\" data-end=\"761\" \/><strong data-start=\"761\" data-end=\"796\">Responsable de la publication :<\/strong> Aur\u00e9lien (pr\u00e9sident)<br data-start=\"817\" data-end=\"820\" \/><strong data-start=\"820\" data-end=\"833\">Contact :<\/strong> <a data-start=\"834\" data-end=\"869\" class=\"decorated-link cursor-pointer\" rel=\"noopener\">lesamisdubelageendracenie@gmail.com<span aria-hidden=\"true\" class=\"ms-0.5 inline-block align-middle leading-none\"><svg width=\"20\" height=\"20\" viewbox=\"0 0 20 20\" fill=\"currentColor\" xmlns=\"http:\/\/www.w3.org\/2000\/svg\" data-rtl-flip=\"\" class=\"block h-[0.75em] w-[0.75em] stroke-current stroke-[0.75]\"><path d=\"M14.3349 13.3301V6.60645L5.47065 15.4707C5.21095 15.7304 4.78895 15.7304 4.52925 15.4707C4.26955 15.211 4.26955 14.789 4.52925 14.5293L13.3935 5.66504H6.66011C6.29284 5.66504 5.99507 5.36727 5.99507 5C5.99507 4.63273 6.29284 4.33496 6.66011 4.33496H14.9999L15.1337 4.34863C15.4369 4.41057 15.665 4.67857 15.665 5V13.3301C15.6649 13.6973 15.3672 13.9951 14.9999 13.9951C14.6327 13.9951 14.335 13.6973 14.3349 13.3301Z\"><\/path><\/svg><\/span><\/a><\/p>\n<hr data-start=\"873\" data-end=\"876\" \/>\n<h2 data-start=\"878\" data-end=\"895\">2. H\u00e9bergeur<\/h2>\n<p data-start=\"896\" data-end=\"1075\"><strong data-start=\"896\" data-end=\"911\">H\u00e9bergeur :<\/strong> Hostinger International Ltd.<br data-start=\"940\" data-end=\"943\" \/><strong data-start=\"943\" data-end=\"956\">Adresse :<\/strong> 61 Lordou Vironos Street, 6023 Larnaca, Chypre<br data-start=\"1003\" data-end=\"1006\" \/><strong data-start=\"1006\" data-end=\"1020\">Site web :<\/strong> <a data-start=\"1021\" data-end=\"1073\" class=\"decorated-link\" rel=\"noopener\" target=\"_new\" href=\"https:\/\/www.hostinger.fr\">https:\/\/www.hostinger.fr<span aria-hidden=\"true\" class=\"ms-0.5 inline-block align-middle leading-none\"><svg width=\"20\" height=\"20\" viewbox=\"0 0 20 20\" fill=\"currentColor\" xmlns=\"http:\/\/www.w3.org\/2000\/svg\" data-rtl-flip=\"\" class=\"block h-[0.75em] w-[0.75em] stroke-current stroke-[0.75]\"><path d=\"M14.3349 13.3301V6.60645L5.47065 15.4707C5.21095 15.7304 4.78895 15.7304 4.52925 15.4707C4.26955 15.211 4.26955 14.789 4.52925 14.5293L13.3935 5.66504H6.66011C6.29284 5.66504 5.99507 5.36727 5.99507 5C5.99507 4.63273 6.29284 4.33496 6.66011 4.33496H14.9999L15.1337 4.34863C15.4369 4.41057 15.665 4.67857 15.665 5V13.3301C15.6649 13.6973 15.3672 13.9951 14.9999 13.9951C14.6327 13.9951 14.335 13.6973 14.3349 13.3301Z\"><\/path><\/svg><\/span><\/a><\/p>\n<hr data-start=\"1077\" data-end=\"1080\" \/>\n<h2 data-start=\"1082\" data-end=\"1117\">3. Conception et d\u00e9veloppement<\/h2>\n<p data-start=\"1118\" data-end=\"1268\">Le site a \u00e9t\u00e9 con\u00e7u et d\u00e9velopp\u00e9 par DIGIPROS, agence de marketing digital bas\u00e9e \u00e0 Lyon.<br data-start=\"1206\" data-end=\"1209\" \/><strong data-start=\"1209\" data-end=\"1223\">Site web :<\/strong> <a data-start=\"1224\" data-end=\"1266\" class=\"decorated-link\" rel=\"noopener\" target=\"_new\" href=\"https:\/\/digipros.fr\">https:\/\/digipros.fr<span aria-hidden=\"true\" class=\"ms-0.5 inline-block align-middle leading-none\"><svg width=\"20\" height=\"20\" viewbox=\"0 0 20 20\" fill=\"currentColor\" xmlns=\"http:\/\/www.w3.org\/2000\/svg\" data-rtl-flip=\"\" class=\"block h-[0.75em] w-[0.75em] stroke-current stroke-[0.75]\"><path d=\"M14.3349 13.3301V6.60645L5.47065 15.4707C5.21095 15.7304 4.78895 15.7304 4.52925 15.4707C4.26955 15.211 4.26955 14.789 4.52925 14.5293L13.3935 5.66504H6.66011C6.29284 5.66504 5.99507 5.36727 5.99507 5C5.99507 4.63273 6.29284 4.33496 6.66011 4.33496H14.9999L15.1337 4.34863C15.4369 4.41057 15.665 4.67857 15.665 5V13.3301C15.6649 13.6973 15.3672 13.9951 14.9999 13.9951C14.6327 13.9951 14.335 13.6973 14.3349 13.3301Z\"><\/path><\/svg><\/span><\/a><\/p>\n<hr data-start=\"1270\" data-end=\"1273\" \/>\n<h2 data-start=\"1275\" data-end=\"1318\">4. Propri\u00e9t\u00e9 intellectuelle et contenu<\/h2>\n<p data-start=\"1319\" data-end=\"1733\">Le contenu du site (textes, images, \u00e9l\u00e9ments graphiques, logo, structure du site, etc.) est prot\u00e9g\u00e9 par le droit de la propri\u00e9t\u00e9 intellectuelle. Certaines images pr\u00e9sentes sur ce site ont \u00e9t\u00e9 utilis\u00e9es depuis des sources accessibles sur Internet et ne sont donc pas la propri\u00e9t\u00e9 exclusive de l\u2019association. Toute reproduction, diffusion ou exploitation, m\u00eame partielle, est interdite sans autorisation pr\u00e9alable.<\/p>\n<hr data-start=\"1735\" data-end=\"1738\" \/>\n<h2 data-start=\"1740\" data-end=\"1776\">5. Limitation de responsabilit\u00e9<\/h2>\n<p data-start=\"1777\" data-end=\"2113\">Les informations publi\u00e9es sur ce site sont fournies \u00e0 titre indicatif. Malgr\u00e9 le soin apport\u00e9 \u00e0 leur exactitude, l\u2019association <strong data-start=\"1904\" data-end=\"1939\">Les Amis du Bel \u00c2ge en Drac\u00e9nie<\/strong> ne saurait \u00eatre tenue responsable d\u2019\u00e9ventuelles erreurs ou omissions. L\u2019utilisateur reste responsable de l\u2019utilisation qu\u2019il fait des informations disponibles sur ce site.<\/p>\n<hr data-start=\"2115\" data-end=\"2118\" \/>\n<h2 data-start=\"2120\" data-end=\"2148\">6. Donn\u00e9es personnelles<\/h2>\n<p data-start=\"2149\" data-end=\"2336\">Pour en savoir plus sur la gestion des donn\u00e9es personnelles collect\u00e9es via ce site, consultez notre politique de confidentialit\u00e9 ainsi que la page RGPD disponibles dans le pied de page.<\/p>\n<p>[\/et_pb_text][\/et_pb_column][\/et_pb_row][\/et_pb_section]<\/p>\n","protected":false},"excerpt":{"rendered":"<p>Mentions l\u00e9gales Site officiel de Les Amis du Bel \u00c2ge en Drac\u00e9nie Conform\u00e9ment aux dispositions des articles 6-III et 19 de la Loi n\u00b02004-575 du 21 juin 2004 pour la Confiance dans l\u2019\u00c9conomie Num\u00e9rique (LCEN), il est port\u00e9 \u00e0 la connaissance des utilisateurs du site les informations suivantes : 1. \u00c9diteur du site Nom de l\u2019\u00e9tablissement : Les Amis du Bel \u00c2ge en Drac\u00e9nieForme juridique : Association loi 1901Date de cr\u00e9ation : 26 octobre 2025Adresse : 979 chemin de Saint-Esprit, 83300 DraguignanResponsable de la publication : Aur\u00e9lien (pr\u00e9sident)Contact : lesamisdubelageendracenie@gmail.com 2. H\u00e9bergeur H\u00e9bergeur : Hostinger International Ltd.Adresse : 61 Lordou Vironos Street, 6023 Larnaca, ChypreSite web : https:\/\/www.hostinger.fr 3. Conception et d\u00e9veloppement Le site a \u00e9t\u00e9 con\u00e7u et d\u00e9velopp\u00e9 par DIGIPROS, agence de marketing digital bas\u00e9e \u00e0 Lyon.Site web : https:\/\/digipros.fr 4. Propri\u00e9t\u00e9 intellectuelle et contenu Le contenu du site (textes, images, \u00e9l\u00e9ments graphiques, logo, structure du site, etc.) est prot\u00e9g\u00e9 par le droit de la propri\u00e9t\u00e9 intellectuelle. Certaines images pr\u00e9sentes sur ce site ont \u00e9t\u00e9 utilis\u00e9es depuis des sources accessibles sur Internet et ne sont donc pas la propri\u00e9t\u00e9 exclusive de l\u2019association. Toute reproduction, diffusion ou exploitation, m\u00eame partielle, est interdite sans autorisation pr\u00e9alable. 5. Limitation de responsabilit\u00e9 Les [&hellip;]<\/p>\n","protected":false},"author":1,"featured_media":0,"parent":0,"menu_order":0,"comment_status":"closed","ping_status":"closed","template":"","meta":{"_et_pb_use_builder":"on","_et_pb_old_content":"","_et_gb_content_width":"","footnotes":""},"class_list":["post-134","page","type-page","status-publish","hentry"],"_links":{"self":[{"href":"https:\/\/lamaisondubelage.fr\/index.php?rest_route=\/wp\/v2\/pages\/134","targetHints":{"allow":["GET"]}}],"collection":[{"href":"https:\/\/lamaisondubelage.fr\/index.php?rest_route=\/wp\/v2\/pages"}],"about":[{"href":"https:\/\/lamaisondubelage.fr\/index.php?rest_route=\/wp\/v2\/types\/page"}],"author":[{"embeddable":true,"href":"https:\/\/lamaisondubelage.fr\/index.php?rest_route=\/wp\/v2\/users\/1"}],"replies":[{"embeddable":true,"href":"https:\/\/lamaisondubelage.fr\/index.php?rest_route=%2Fwp%2Fv2%2Fcomments&post=134"}],"version-history":[{"count":4,"href":"https:\/\/lamaisondubelage.fr\/index.php?rest_route=\/wp\/v2\/pages\/134\/revisions"}],"predecessor-version":[{"id":348,"href":"https:\/\/lamaisondubelage.fr\/index.php?rest_route=\/wp\/v2\/pages\/134\/revisions\/348"}],"wp:attachment":[{"href":"https:\/\/lamaisondubelage.fr\/index.php?rest_route=%2Fwp%2Fv2%2Fmedia&parent=134"}],"curies":[{"name":"wp","href":"https:\/\/api.w.org\/{rel}","templated":true}]}}