{"id":129,"date":"2025-04-18T12:20:11","date_gmt":"2025-04-18T12:20:11","guid":{"rendered":"https:\/\/lamaisondubelage.fr\/?page_id=129"},"modified":"2025-12-02T12:14:42","modified_gmt":"2025-12-02T12:14:42","slug":"politique-rgpd","status":"publish","type":"page","link":"https:\/\/lamaisondubelage.fr\/?page_id=129","title":{"rendered":"Politique RGPD"},"content":{"rendered":"<p>[et_pb_section fb_built=\u00a0\u00bb1&Prime; _builder_version=\u00a0\u00bb4.27.4&Prime; _module_preset=\u00a0\u00bbdefault\u00a0\u00bb global_colors_info=\u00a0\u00bb{}\u00a0\u00bb da_is_popup=\u00a0\u00bboff\u00a0\u00bb da_exit_intent=\u00a0\u00bboff\u00a0\u00bb da_has_close=\u00a0\u00bbon\u00a0\u00bb da_alt_close=\u00a0\u00bboff\u00a0\u00bb da_dark_close=\u00a0\u00bboff\u00a0\u00bb da_not_modal=\u00a0\u00bbon\u00a0\u00bb da_is_singular=\u00a0\u00bboff\u00a0\u00bb da_with_loader=\u00a0\u00bboff\u00a0\u00bb da_has_shadow=\u00a0\u00bbon\u00a0\u00bb da_disable_devices=\u00a0\u00bboff|off|off\u00a0\u00bb][et_pb_row _builder_version=\u00a0\u00bb4.27.4&Prime; _module_preset=\u00a0\u00bbdefault\u00a0\u00bb global_colors_info=\u00a0\u00bb{}\u00a0\u00bb][et_pb_column type=\u00a0\u00bb4_4&Prime; _builder_version=\u00a0\u00bb4.27.4&Prime; _module_preset=\u00a0\u00bbdefault\u00a0\u00bb global_colors_info=\u00a0\u00bb{}\u00a0\u00bb][et_pb_text _builder_version=\u00a0\u00bb4.27.4&Prime; _module_preset=\u00a0\u00bbdefault\u00a0\u00bb hover_enabled=\u00a0\u00bb0&Prime; global_colors_info=\u00a0\u00bb{}\u00a0\u00bb sticky_enabled=\u00a0\u00bb0&Prime;]<\/p>\n<h1 data-start=\"151\" data-end=\"211\"><strong data-start=\"153\" data-end=\"209\">Politique RGPD \u2013 Protection des donn\u00e9es personnelles<\/strong><\/h1>\n<p data-start=\"212\" data-end=\"247\"><strong data-start=\"212\" data-end=\"247\">Les Amis du Bel \u00c2ge en Drac\u00e9nie<\/strong><\/p>\n<p data-start=\"249\" data-end=\"568\">Chez <strong data-start=\"254\" data-end=\"289\">Les Amis du Bel \u00c2ge en Drac\u00e9nie<\/strong>, nous respectons la vie priv\u00e9e de toutes les personnes qui nous contactent. Conform\u00e9ment au R\u00e8glement G\u00e9n\u00e9ral sur la Protection des Donn\u00e9es (RGPD \u2013 UE 2016\/679), nous garantissons la confidentialit\u00e9, la s\u00e9curit\u00e9 et la transparence des donn\u00e9es personnelles que vous nous confiez.<\/p>\n<hr data-start=\"570\" data-end=\"573\" \/>\n<h2 data-start=\"575\" data-end=\"608\">1. Responsable du traitement<\/h2>\n<p data-start=\"609\" data-end=\"811\">Le responsable du traitement des donn\u00e9es personnelles est :<br data-start=\"668\" data-end=\"671\" \/><strong data-start=\"671\" data-end=\"706\">Les Amis du Bel \u00c2ge en Drac\u00e9nie<\/strong><br data-start=\"706\" data-end=\"709\" \/>Adresse : 979 chemin de Saint-Esprit, 83300 Draguignan<br data-start=\"763\" data-end=\"766\" \/>Email : <a data-start=\"774\" data-end=\"809\" class=\"decorated-link cursor-pointer\" rel=\"noopener\">lesamisdubelageendracenie@gmail.com<span aria-hidden=\"true\" class=\"ms-0.5 inline-block align-middle leading-none\"><svg width=\"20\" height=\"20\" viewbox=\"0 0 20 20\" fill=\"currentColor\" xmlns=\"http:\/\/www.w3.org\/2000\/svg\" data-rtl-flip=\"\" class=\"block h-[0.75em] w-[0.75em] stroke-current stroke-[0.75]\"><path d=\"M14.3349 13.3301V6.60645L5.47065 15.4707C5.21095 15.7304 4.78895 15.7304 4.52925 15.4707C4.26955 15.211 4.26955 14.789 4.52925 14.5293L13.3935 5.66504H6.66011C6.29284 5.66504 5.99507 5.36727 5.99507 5C5.99507 4.63273 6.29284 4.33496 6.66011 4.33496H14.9999L15.1337 4.34863C15.4369 4.41057 15.665 4.67857 15.665 5V13.3301C15.6649 13.6973 15.3672 13.9951 14.9999 13.9951C14.6327 13.9951 14.335 13.6973 14.3349 13.3301Z\"><\/path><\/svg><\/span><\/a><\/p>\n<hr data-start=\"813\" data-end=\"816\" \/>\n<h2 data-start=\"818\" data-end=\"844\">2. Donn\u00e9es collect\u00e9es<\/h2>\n<p data-start=\"845\" data-end=\"970\">Nous collectons uniquement les donn\u00e9es n\u00e9cessaires \u00e0 la bonne gestion des demandes d\u2019information ou de pr\u00e9-admission, via :<\/p>\n<ul data-start=\"971\" data-end=\"1028\">\n<li data-start=\"971\" data-end=\"996\">\n<p data-start=\"973\" data-end=\"996\">Formulaire de contact<\/p>\n<\/li>\n<li data-start=\"997\" data-end=\"1028\">\n<p data-start=\"999\" data-end=\"1028\">Formulaire de pr\u00e9-admission<\/p>\n<\/li>\n<\/ul>\n<p data-start=\"1030\" data-end=\"1279\"><strong data-start=\"1030\" data-end=\"1074\">Donn\u00e9es susceptibles d\u2019\u00eatre collect\u00e9es :<\/strong><br data-start=\"1074\" data-end=\"1077\" \/>Nom, pr\u00e9nom, date et lieu de naissance, adresse e-mail, num\u00e9ro de t\u00e9l\u00e9phone, situation familiale et professionnelle, informations sur les revenus, pr\u00e9f\u00e9rences concernant le s\u00e9jour et services souhait\u00e9s.<\/p>\n<hr data-start=\"1281\" data-end=\"1284\" \/>\n<h2 data-start=\"1286\" data-end=\"1317\">3. Finalit\u00e9s du traitement<\/h2>\n<p data-start=\"1318\" data-end=\"1380\">Vos donn\u00e9es personnelles sont utilis\u00e9es exclusivement pour :<\/p>\n<ul data-start=\"1381\" data-end=\"1612\">\n<li data-start=\"1381\" data-end=\"1445\">\n<p data-start=\"1383\" data-end=\"1445\">La gestion de vos demandes d\u2019information ou de pr\u00e9-admission<\/p>\n<\/li>\n<li data-start=\"1446\" data-end=\"1528\">\n<p data-start=\"1448\" data-end=\"1528\">L\u2019\u00e9valuation de la compatibilit\u00e9 entre votre projet et le cadre de vie propos\u00e9<\/p>\n<\/li>\n<li data-start=\"1529\" data-end=\"1573\">\n<p data-start=\"1531\" data-end=\"1573\">La r\u00e9ponse personnalis\u00e9e \u00e0 vos questions<\/p>\n<\/li>\n<li data-start=\"1574\" data-end=\"1612\">\n<p data-start=\"1576\" data-end=\"1612\">Le respect des obligations l\u00e9gales<\/p>\n<\/li>\n<\/ul>\n<p data-start=\"1614\" data-end=\"1719\">Vos donn\u00e9es <strong data-start=\"1626\" data-end=\"1678\">ne sont jamais utilis\u00e9es \u00e0 des fins commerciales<\/strong> ni transmises \u00e0 des tiers non autoris\u00e9s.<\/p>\n<hr data-start=\"1721\" data-end=\"1724\" \/>\n<h2 data-start=\"1726\" data-end=\"1755\">4. Dur\u00e9e de conservation<\/h2>\n<p data-start=\"1756\" data-end=\"1835\">Les donn\u00e9es sont conserv\u00e9es pendant une dur\u00e9e maximale de <strong data-start=\"1814\" data-end=\"1825\">12 mois<\/strong>, sauf :<\/p>\n<ul data-start=\"1836\" data-end=\"1995\">\n<li data-start=\"1836\" data-end=\"1936\">\n<p data-start=\"1838\" data-end=\"1936\">Vous devenez r\u00e9sident, auquel cas les donn\u00e9es sont conserv\u00e9es selon la r\u00e9glementation applicable<\/p>\n<\/li>\n<li data-start=\"1937\" data-end=\"1995\">\n<p data-start=\"1939\" data-end=\"1995\">Vous exercez votre droit de suppression avant ce d\u00e9lai<\/p>\n<\/li>\n<\/ul>\n<hr data-start=\"1997\" data-end=\"2000\" \/>\n<h2 data-start=\"2002\" data-end=\"2020\">5. Vos droits<\/h2>\n<p data-start=\"2021\" data-end=\"2080\">Conform\u00e9ment au RGPD, vous disposez des droits suivants :<\/p>\n<ul data-start=\"2081\" data-end=\"2255\">\n<li data-start=\"2081\" data-end=\"2118\">\n<p data-start=\"2083\" data-end=\"2118\">Droit d\u2019acc\u00e8s et de rectification<\/p>\n<\/li>\n<li data-start=\"2119\" data-end=\"2165\">\n<p data-start=\"2121\" data-end=\"2165\">Droit \u00e0 l\u2019effacement (\u00ab droit \u00e0 l\u2019oubli \u00bb)<\/p>\n<\/li>\n<li data-start=\"2166\" data-end=\"2216\">\n<p data-start=\"2168\" data-end=\"2216\">Droit d\u2019opposition et limitation du traitement<\/p>\n<\/li>\n<li data-start=\"2217\" data-end=\"2255\">\n<p data-start=\"2219\" data-end=\"2255\">Droit \u00e0 la portabilit\u00e9 des donn\u00e9es<\/p>\n<\/li>\n<\/ul>\n<p data-start=\"2257\" data-end=\"2408\">Pour exercer vos droits, contactez-nous \u00e0 : <strong data-start=\"2301\" data-end=\"2340\"><a data-start=\"2303\" data-end=\"2338\" class=\"decorated-link cursor-pointer\" rel=\"noopener\">lesamisdubelageendracenie@gmail.com<span aria-hidden=\"true\" class=\"ms-0.5 inline-block align-middle leading-none\"><svg width=\"20\" height=\"20\" viewbox=\"0 0 20 20\" fill=\"currentColor\" xmlns=\"http:\/\/www.w3.org\/2000\/svg\" data-rtl-flip=\"\" class=\"block h-[0.75em] w-[0.75em] stroke-current stroke-[0.75]\"><path d=\"M14.3349 13.3301V6.60645L5.47065 15.4707C5.21095 15.7304 4.78895 15.7304 4.52925 15.4707C4.26955 15.211 4.26955 14.789 4.52925 14.5293L13.3935 5.66504H6.66011C6.29284 5.66504 5.99507 5.36727 5.99507 5C5.99507 4.63273 6.29284 4.33496 6.66011 4.33496H14.9999L15.1337 4.34863C15.4369 4.41057 15.665 4.67857 15.665 5V13.3301C15.6649 13.6973 15.3672 13.9951 14.9999 13.9951C14.6327 13.9951 14.335 13.6973 14.3349 13.3301Z\"><\/path><\/svg><\/span><\/a><\/strong><br data-start=\"2340\" data-end=\"2343\" \/>Nous nous engageons \u00e0 r\u00e9pondre dans un d\u00e9lai maximal de 30 jours.<\/p>\n<hr data-start=\"2410\" data-end=\"2413\" \/>\n<h2 data-start=\"2415\" data-end=\"2443\">6. S\u00e9curit\u00e9 des donn\u00e9es<\/h2>\n<p data-start=\"2444\" data-end=\"2714\">Nous mettons en \u0153uvre toutes les mesures techniques et organisationnelles n\u00e9cessaires pour garantir la <strong data-start=\"2547\" data-end=\"2594\">s\u00e9curit\u00e9, l\u2019int\u00e9grit\u00e9 et la confidentialit\u00e9<\/strong> de vos donn\u00e9es. Seules les personnes habilit\u00e9es et directement impliqu\u00e9es dans la gestion de votre dossier y ont acc\u00e8s.<\/p>\n<hr data-start=\"2716\" data-end=\"2719\" \/>\n<h2 data-start=\"2721\" data-end=\"2748\">7. Cookies et traceurs<\/h2>\n<p data-start=\"2749\" data-end=\"2985\">Notre site utilise uniquement des cookies <strong data-start=\"2791\" data-end=\"2818\">strictement n\u00e9cessaires<\/strong> \u00e0 son fonctionnement.<br data-start=\"2840\" data-end=\"2843\" \/>Aucun cookie publicitaire ou de suivi n\u2019est utilis\u00e9.<br data-start=\"2895\" data-end=\"2898\" \/>Vous pouvez g\u00e9rer vos pr\u00e9f\u00e9rences de cookies depuis les param\u00e8tres de votre navigateur.<\/p>\n<hr data-start=\"2987\" data-end=\"2990\" \/>\n<h2 data-start=\"2992\" data-end=\"3031\">8. \u00c9volutions de la politique RGPD<\/h2>\n<p data-start=\"3032\" data-end=\"3218\">Cette politique peut \u00eatre mise \u00e0 jour \u00e0 tout moment en fonction de l\u2019\u00e9volution du site ou des obligations l\u00e9gales.<br data-start=\"3146\" data-end=\"3149\" \/>La date de derni\u00e8re mise \u00e0 jour est indiqu\u00e9e en haut de cette page.<\/p>\n<p>[\/et_pb_text][\/et_pb_column][\/et_pb_row][\/et_pb_section]<\/p>\n","protected":false},"excerpt":{"rendered":"<p>Politique RGPD \u2013 Protection des donn\u00e9es personnelles Les Amis du Bel \u00c2ge en Drac\u00e9nie Chez Les Amis du Bel \u00c2ge en Drac\u00e9nie, nous respectons la vie priv\u00e9e de toutes les personnes qui nous contactent. Conform\u00e9ment au R\u00e8glement G\u00e9n\u00e9ral sur la Protection des Donn\u00e9es (RGPD \u2013 UE 2016\/679), nous garantissons la confidentialit\u00e9, la s\u00e9curit\u00e9 et la transparence des donn\u00e9es personnelles que vous nous confiez. 1. Responsable du traitement Le responsable du traitement des donn\u00e9es personnelles est :Les Amis du Bel \u00c2ge en Drac\u00e9nieAdresse : 979 chemin de Saint-Esprit, 83300 DraguignanEmail : lesamisdubelageendracenie@gmail.com 2. Donn\u00e9es collect\u00e9es Nous collectons uniquement les donn\u00e9es n\u00e9cessaires \u00e0 la bonne gestion des demandes d\u2019information ou de pr\u00e9-admission, via : Formulaire de contact Formulaire de pr\u00e9-admission Donn\u00e9es susceptibles d\u2019\u00eatre collect\u00e9es :Nom, pr\u00e9nom, date et lieu de naissance, adresse e-mail, num\u00e9ro de t\u00e9l\u00e9phone, situation familiale et professionnelle, informations sur les revenus, pr\u00e9f\u00e9rences concernant le s\u00e9jour et services souhait\u00e9s. 3. Finalit\u00e9s du traitement Vos donn\u00e9es personnelles sont utilis\u00e9es exclusivement pour : La gestion de vos demandes d\u2019information ou de pr\u00e9-admission L\u2019\u00e9valuation de la compatibilit\u00e9 entre votre projet et le cadre de vie propos\u00e9 La r\u00e9ponse personnalis\u00e9e \u00e0 vos questions Le respect des obligations l\u00e9gales Vos donn\u00e9es ne sont jamais utilis\u00e9es [&hellip;]<\/p>\n","protected":false},"author":1,"featured_media":0,"parent":0,"menu_order":0,"comment_status":"closed","ping_status":"closed","template":"","meta":{"_et_pb_use_builder":"on","_et_pb_old_content":"","_et_gb_content_width":"","footnotes":""},"class_list":["post-129","page","type-page","status-publish","hentry"],"_links":{"self":[{"href":"https:\/\/lamaisondubelage.fr\/index.php?rest_route=\/wp\/v2\/pages\/129","targetHints":{"allow":["GET"]}}],"collection":[{"href":"https:\/\/lamaisondubelage.fr\/index.php?rest_route=\/wp\/v2\/pages"}],"about":[{"href":"https:\/\/lamaisondubelage.fr\/index.php?rest_route=\/wp\/v2\/types\/page"}],"author":[{"embeddable":true,"href":"https:\/\/lamaisondubelage.fr\/index.php?rest_route=\/wp\/v2\/users\/1"}],"replies":[{"embeddable":true,"href":"https:\/\/lamaisondubelage.fr\/index.php?rest_route=%2Fwp%2Fv2%2Fcomments&post=129"}],"version-history":[{"count":4,"href":"https:\/\/lamaisondubelage.fr\/index.php?rest_route=\/wp\/v2\/pages\/129\/revisions"}],"predecessor-version":[{"id":349,"href":"https:\/\/lamaisondubelage.fr\/index.php?rest_route=\/wp\/v2\/pages\/129\/revisions\/349"}],"wp:attachment":[{"href":"https:\/\/lamaisondubelage.fr\/index.php?rest_route=%2Fwp%2Fv2%2Fmedia&parent=129"}],"curies":[{"name":"wp","href":"https:\/\/api.w.org\/{rel}","templated":true}]}}